{"id":1594,"date":"2016-01-29T10:12:39","date_gmt":"2016-01-29T10:12:39","guid":{"rendered":"https:\/\/the7.io\/beauty-studio\/?page_id=5"},"modified":"2019-12-17T08:56:25","modified_gmt":"2019-12-17T08:56:25","slug":"chisiamo","status":"publish","type":"page","link":"https:\/\/umesi.it\/index.php\/chisiamo\/","title":{"rendered":"Chi Siamo"},"content":{"rendered":"<p>[vc_row full_width=&#8221;stretch_row&#8221; equal_height=&#8221;yes&#8221; content_placement=&#8221;middle&#8221; bg_type=&#8221;bg_color&#8221; type=&#8221;vc_default&#8221; css=&#8221;.vc_custom_1498804043002{padding-top: 70px !important;padding-bottom: 20px !important;}&#8221; bg_color_value=&#8221;#f5f5f5&#8243;][vc_column css=&#8221;.vc_custom_1498755622313{padding-bottom: 50px !important;}&#8221; offset=&#8221;vc_col-lg-8 vc_col-md-7&#8243;]<div id=\"ultimate-heading-62286a0467f55bf42\" class=\"uvc-heading ult-adjust-bottom-margin ultimate-heading-62286a0467f55bf42 uvc-2964 \" data-hspacer=\"no_spacer\"  data-halign=\"left\" style=\"text-align:left\"><div class=\"uvc-heading-spacer no_spacer\" style=\"top\"><\/div><div class=\"uvc-main-heading ult-responsive\"  data-ultimate-target='.uvc-heading.ultimate-heading-62286a0467f55bf42 h2'  data-responsive-json-new='{\"font-size\":\"desktop:40px;\",\"line-height\":\"desktop:46px;\"}' ><h2 style=\"font-weight:bold;margin-bottom:30px;\">Niente pu\u00f2 giungere inaspettato.<br \/>\nBisogna aspettarsi di tutto.<\/h2><\/div><div class=\"uvc-sub-heading ult-responsive\"  data-ultimate-target='.uvc-heading.ultimate-heading-62286a0467f55bf42 .uvc-sub-heading '  data-responsive-json-new='{\"font-size\":\"desktop:20px;mobile_landscape:15px;\",\"line-height\":\"desktop:32px;mobile_landscape:22px;\"}'  style=\"font-style:italic;font-weight:normal;margin-bottom:30px;\"><em>Euripide (Hypsipyle \u2013 410 a.c.)<\/em><\/div><\/div><div id=\"ultimate-heading-4716a0467f55bf93\" class=\"uvc-heading ult-adjust-bottom-margin ultimate-heading-4716a0467f55bf93 uvc-5113 \" data-hspacer=\"no_spacer\"  data-halign=\"left\" style=\"text-align:left\"><div class=\"uvc-heading-spacer no_spacer\" style=\"top\"><\/div><div class=\"uvc-sub-heading ult-responsive\"  data-ultimate-target='.uvc-heading.ultimate-heading-4716a0467f55bf93 .uvc-sub-heading '  data-responsive-json-new='{\"font-size\":\"desktop:20px;mobile_landscape:15px;\",\"line-height\":\"desktop:32px;mobile_landscape:22px;\"}'  style=\"font-style:italic;font-weight:normal;margin-bottom:30px;\">Come gi\u00e0 Euripide, uno dei maggiori drammaturghi greci attestava nella sua tragedia \u201cHypsipyle\u201d, rappresentata per la prima volta nel 410 a.c., la <strong>gestione dell&#8217;incertezza<\/strong> \u00e8 sempre stata una seria e costante preoccupazione per il genere umano.<\/p>\n<p>Ma cosa si intende per <strong>incertezza<\/strong>?<\/p>\n<p>Formalmente, per incertezza s&#8217;intende l&#8217;insieme delle caratteristiche di ci\u00f2 che \u00e8 incerto, ovvero privo di certezza, sicurezza, non ben conosciuto, noto, che lascia in apprensione perch\u00e8 non prevedibile o sicuro. E&#8217; quindi tipico di ci\u00f2 che \u00e8 privo di un&#8217;esatta delimitazione, definizione o determinazione.<br \/>\n<strong>L&#8217;incertezza<\/strong> per\u00f2 permea il nostro ambiente e le nostre vite, in quanto \u00e8 praticamente ovunque&#8230;.proprio per questo non pu\u00f2 essere evitata e non deve essere temuta, bens\u00ec va studiata e gestita in modo opportuno.<br \/>\nQuesta \u00e8 la missione dell\u2019UM&amp;SI.<\/div><\/div>[\/vc_column][vc_column width=&#8221;1\/2&#8243; offset=&#8221;vc_col-lg-offset-0 vc_col-lg-4 vc_col-md-offset-0 vc_col-md-5 vc_col-sm-offset-3 vc_col-xs-offset-2 vc_col-xs-8&#8243; css=&#8221;.vc_custom_1498755704655{padding-bottom: 50px !important;}&#8221;]<style type=\"text\/css\" data-type=\"the7_shortcodes-inline-css\">.shortcode-single-image-wrap.shortcode-single-image-d6e22c2b267e5dbdd320826ce4e87da3.enable-bg-rollover .rollover i,\n.shortcode-single-image-wrap.shortcode-single-image-d6e22c2b267e5dbdd320826ce4e87da3.enable-bg-rollover .rollover-video i {\n  background: ;\n  background: -webkit-linear-gradient();\n  background: linear-gradient();\n}\n.shortcode-single-image-wrap.shortcode-single-image-d6e22c2b267e5dbdd320826ce4e87da3 .rollover-icon {\n  font-size: 32px;\n  color: #ffffff;\n  min-width: 44px;\n  min-height: 44px;\n  line-height: 44px;\n  border-radius: 100px;\n  border-style: solid;\n  border-width: 0px;\n}\n.dt-icon-bg-on.shortcode-single-image-wrap.shortcode-single-image-d6e22c2b267e5dbdd320826ce4e87da3 .rollover-icon {\n  background: rgba(255,255,255,0.3);\n  -webkit-box-shadow: none;\n  box-shadow: none;\n}\n<\/style><div class=\"shortcode-single-image-wrap shortcode-single-image-d6e22c2b267e5dbdd320826ce4e87da3 alignnone  enable-bg-rollover dt-icon-bg-off\" style=\"margin-top:0px; margin-bottom:0px; margin-left:0px; margin-right:0px; width:800px;\"><div class=\"shortcode-single-image\"><div class=\"fancy-media-wrap  layzr-bg\" style=\"border-radius:1000px;\"><img class=\"preload-me lazy-load\" src=\"data:image\/svg+xml,%3Csvg%20xmlns%3D&#39;http%3A%2F%2Fwww.w3.org%2F2000%2Fsvg&#39;%20viewBox%3D&#39;0%200%20600%20600&#39;%2F%3E\" data-src=\"https:\/\/umesi.it\/wp-content\/uploads\/2019\/12\/banner-3-600x600.jpg\" data-srcset=\"https:\/\/umesi.it\/wp-content\/uploads\/2019\/12\/banner-3-600x600.jpg 600w\" width=\"600\" height=\"600\"  data-dt-location=\"https:\/\/umesi.it\/index.php\/chisiamo\/banner-3\/\" style=\"border-radius:1000px;\" alt=\"\" \/><\/div><\/div><\/div>[\/vc_column][\/vc_row][vc_row type=&#8221;vc_default&#8221; css=&#8221;.vc_custom_1476012908960{padding-top: 70px !important;padding-bottom: 25px !important;}&#8221;][vc_column offset=&#8221;vc_col-lg-6 vc_col-md-6 vc_col-xs-12&#8243; css=&#8221;.vc_custom_1476013037503{padding-bottom: 25px !important;}&#8221;]<div id=\"ultimate-heading-17766a0467f55c93b\" class=\"uvc-heading ult-adjust-bottom-margin ultimate-heading-17766a0467f55c93b uvc-8070 \" data-hspacer=\"no_spacer\"  data-halign=\"left\" style=\"text-align:left\"><div class=\"uvc-heading-spacer no_spacer\" style=\"top\"><\/div><div class=\"uvc-sub-heading ult-responsive\"  data-ultimate-target='.uvc-heading.ultimate-heading-17766a0467f55c93b .uvc-sub-heading '  data-responsive-json-new='{\"font-size\":\"\",\"line-height\":\"\"}'  style=\"font-weight:normal;\"><\/p>\n<h1>UM&amp;SI<\/h1>\n<p><\/div><\/div><div class=\"aio-icon-component  vc_custom_1576572984349  accent-icon-bg style_1\"><div id=\"Info-box-wrap-8430\" class=\"aio-icon-box left-icon\" style=\"\"  ><div class=\"aio-icon-left\"><div class=\"ult-just-icon-wrapper  \"><div class=\"align-icon\" style=\"text-align:center;\">\n<div class=\"aio-icon advanced \"  style=\"color:#ffffff;border-style:;border-color:#333333;border-width:1px;width:34px;height:34px;line-height:34px;border-radius:500px;font-size:16px;display:inline-block;\">\n\t<i class=\"icomoon-icomoonfree-16x16-leaf\"><\/i>\n<\/div><\/div><\/div><\/div><div class=\"aio-ibd-block\"><div class=\"aio-icon-header\" ><h3 class=\"aio-icon-title ult-responsive\"  data-ultimate-target='#Info-box-wrap-8430 .aio-icon-title'  data-responsive-json-new='{\"font-size\":\"desktop:20px;\",\"line-height\":\"desktop:26px;\"}'  style=\"\">Uncertainty Study &amp; Management Institute<\/h3><\/div> <!-- header --><div class=\"aio-icon-description ult-responsive\"  data-ultimate-target='#Info-box-wrap-8430 .aio-icon-description'  data-responsive-json-new='{\"font-size\":\"\",\"line-height\":\"\"}'  style=\"\">UM&amp;SI nasce con l&#8217;obiettivo di studiare, consigliare ed applicare metodologie, processi, teorie e best practices per la gestione dell&#8217;incertezza, declinandole nei pi\u00f9 svariati contesti quali, il management, l&#8217;organizzazione, lo sport, la sicurezza, creando e divulgando conoscenza e consapevolezza in questo ambito.<\/div> <!-- description --><\/div> <!-- aio-ibd-block --><\/div> <!-- aio-icon-box --><\/div> <!-- aio-icon-component -->[\/vc_column][vc_column offset=&#8221;vc_col-lg-6 vc_col-md-6 vc_col-xs-12&#8243; css=&#8221;.vc_custom_1476012903703{padding-bottom: 50px !important;}&#8221;]<div id=\"ultimate-heading-39626a0467f55cb63\" class=\"uvc-heading ult-adjust-bottom-margin ultimate-heading-39626a0467f55cb63 uvc-6865 \" data-hspacer=\"no_spacer\"  data-halign=\"left\" style=\"text-align:left\"><div class=\"uvc-heading-spacer no_spacer\" style=\"top\"><\/div><div class=\"uvc-sub-heading ult-responsive\"  data-ultimate-target='.uvc-heading.ultimate-heading-39626a0467f55cb63 .uvc-sub-heading '  data-responsive-json-new='{\"font-size\":\"\",\"line-height\":\"\"}'  style=\"font-weight:normal;\"><img decoding=\"async\" loading=\"lazy\" class=\"aligncenter size-full wp-image-2032\" src=\"https:\/\/umesi.it\/wp-content\/uploads\/2019\/12\/schema-ambiente.png\" alt=\"\" width=\"890\" height=\"432\" srcset=\"https:\/\/umesi.it\/wp-content\/uploads\/2019\/12\/schema-ambiente.png 890w, https:\/\/umesi.it\/wp-content\/uploads\/2019\/12\/schema-ambiente-300x146.png 300w, https:\/\/umesi.it\/wp-content\/uploads\/2019\/12\/schema-ambiente-768x373.png 768w, https:\/\/umesi.it\/wp-content\/uploads\/2019\/12\/schema-ambiente-600x291.png 600w\" sizes=\"(max-width: 890px) 100vw, 890px\" \/><\/div><\/div>[vc_column_text]<\/p>\n<p style=\"text-align: center;\"><i><span style=\"font-size: x-small;\">Schema tratto, adattato e rielaborato da: Costantino F., Di Gravio G., Tronci M. (2011), Supply Chain Management e Network Logistici, Ulrico Hoepli Editore S.p.A., Milano e da Albino Russo F., Ruffini S. (2019), Pianificazione dei fornitori in condizioni di incertezza, Wolters<br \/>\n<\/span><\/i><\/p>\n<p>[\/vc_column_text][\/vc_column][\/vc_row][vc_row bg_type=&#8221;bg_color&#8221; bg_override=&#8221;ex-full&#8221; type=&#8221;vc_default&#8221; css=&#8221;.vc_custom_1496399827329{padding-top: 70px !important;padding-bottom: 70px !important;}&#8221; bg_color_value=&#8221;rgba(170,170,170,0.1)&#8221;][vc_column]<style type=\"text\/css\" data-type=\"the7_shortcodes-inline-css\">.carousel-shortcode.carousel-shortcode-id-119b84dd50b1f33514d29636282f2385 .owl-nav a {\n  width: 22px;\n  height: 80px;\n  border-radius: 0px;\n}\n.dt-arrow-border-on.carousel-shortcode.carousel-shortcode-id-119b84dd50b1f33514d29636282f2385 .owl-nav a:not(:hover):before {\n  border-width: 0px;\n}\n.dt-arrow-hover-border-on.carousel-shortcode.carousel-shortcode-id-119b84dd50b1f33514d29636282f2385 .owl-nav a:hover:after {\n  border-width: 0px;\n}\n.arrows-hover-bg-on.carousel-shortcode.carousel-shortcode-id-119b84dd50b1f33514d29636282f2385 .owl-nav a:after {\n  background: #f4a215;\n}\n.carousel-shortcode.carousel-shortcode-id-119b84dd50b1f33514d29636282f2385 .owl-nav a.owl-prev {\n  top: 50%;\n  transform: translateY(calc(-50% + 0px));\n  left: 0px;\n}\n@media all and (-ms-high-contrast: none) {\n  .carousel-shortcode.carousel-shortcode-id-119b84dd50b1f33514d29636282f2385 .owl-nav a.owl-prev {\n    transform: translateY(-50%);\n    margin-top: 0px;\n  }\n}\n.carousel-shortcode.carousel-shortcode-id-119b84dd50b1f33514d29636282f2385 .owl-nav a.owl-prev i {\n  padding: 0px 0px 0px 0px;\n}\n.carousel-shortcode.carousel-shortcode-id-119b84dd50b1f33514d29636282f2385 .owl-nav a.owl-next {\n  top: 50%;\n  transform: translateY(calc(-50% + 0px));\n  right: 0px;\n}\n@media all and (-ms-high-contrast: none) {\n  .carousel-shortcode.carousel-shortcode-id-119b84dd50b1f33514d29636282f2385 .owl-nav a.owl-next {\n    transform: translateY(-50%);\n    margin-top: 0px;\n  }\n}\n.carousel-shortcode.carousel-shortcode-id-119b84dd50b1f33514d29636282f2385 .owl-nav a.owl-next i {\n  padding: 0px 0px 0px 0px;\n}\n.carousel-shortcode.carousel-shortcode-id-119b84dd50b1f33514d29636282f2385 .owl-nav i {\n  font-size: 18px;\n}\n.carousel-shortcode.carousel-shortcode-id-119b84dd50b1f33514d29636282f2385 .owl-nav a:not(:hover) i,\n.carousel-shortcode.carousel-shortcode-id-119b84dd50b1f33514d29636282f2385 .owl-nav a:not(:hover) i:before {\n  color: #ffffff;\n  background: none;\n}\n.carousel-shortcode.carousel-shortcode-id-119b84dd50b1f33514d29636282f2385 .owl-nav a:hover i,\n.carousel-shortcode.carousel-shortcode-id-119b84dd50b1f33514d29636282f2385 .owl-nav a:hover i:before {\n  color: #ffffff;\n  background: none;\n}\n.carousel-shortcode.carousel-shortcode-id-119b84dd50b1f33514d29636282f2385 .owl-dots {\n  top: calc(100% + 20px);\n  left: 50%;\n  transform: translateX(calc(-50% + 0px));\n}\n@media all and (-ms-high-contrast: none) {\n  .carousel-shortcode.carousel-shortcode-id-119b84dd50b1f33514d29636282f2385 .owl-dots {\n    transform: translateX(-50%);\n    margin-left: 0px;\n  }\n}\n.carousel-shortcode.carousel-shortcode-id-119b84dd50b1f33514d29636282f2385 .owl-dot {\n  width: 10px;\n  height: 10px;\n  margin: 0 8px;\n}\n@media screen and (max-width: 778px) {\n  .carousel-shortcode.carousel-shortcode-id-119b84dd50b1f33514d29636282f2385.hide-arrows .owl-nav a {\n    display: none;\n  }\n}\n@media screen and (max-width: 778px) {\n  .carousel-shortcode.carousel-shortcode-id-119b84dd50b1f33514d29636282f2385.reposition-arrows .owl-nav .owl-prev {\n    top: 50%;\n    transform: translateY(calc(-50% + 0px));\n    left: 10px;\n  }\n  .carousel-shortcode.carousel-shortcode-id-119b84dd50b1f33514d29636282f2385.reposition-arrows .owl-nav .owl-next {\n    top: 50%;\n    transform: translateY(calc(-50% + 0px));\n    right: 10px;\n  }\n}\n@media screen and (max-width: 778px) and all and (-ms-high-contrast: none) {\n  .carousel-shortcode.carousel-shortcode-id-119b84dd50b1f33514d29636282f2385.reposition-arrows .owl-nav .owl-prev {\n    transform: translateY(-50%);\n    margin-top: 0px;\n  }\n}\n@media screen and (max-width: 778px) and all and (-ms-high-contrast: none) {\n  .carousel-shortcode.carousel-shortcode-id-119b84dd50b1f33514d29636282f2385.reposition-arrows .owl-nav .owl-next {\n    transform: translateY(-50%);\n    margin-top: 0px;\n  }\n}\n<\/style><div class=\"owl-carousel carousel-shortcode dt-owl-carousel-call carousel-shortcode-id-119b84dd50b1f33514d29636282f2385 bullets-small-dot-stroke arrows-bg-on dt-arrow-border-on dt-arrow-hover-border-on arrows-hover-bg-on  vc_custom_1498756520817 \" data-scroll-mode=\"1\" data-col-num=\"6\" data-wide-col-num=\"6\" data-laptop-col=\"4\" data-h-tablet-columns-num=\"3\" data-v-tablet-columns-num=\"2\" data-phone-columns-num=\"1\" data-auto-height=\"true\" data-col-gap=\"30\" data-stage-padding=\"0\" data-speed=\"600\" data-autoplay=\"false\" data-autoplay_speed=\"6000\" data-arrows=\"true\" data-bullet=\"false\" data-next-icon=\"icon-ar-017-r\" data-prev-icon=\"icon-ar-017-l\">[vc_single_image image=&#8221;2028&#8243; img_size=&#8221;500&#215;300&#8243; alignment=&#8221;center&#8221; onclick=&#8221;custom_link&#8221; img_link_target=&#8221;_blank&#8221; image_hovers=&#8221;false&#8221; lazy_loading=&#8221;true&#8221; link=&#8221;https:\/\/umesi.it\/index.php\/chisiamo&#8221;][vc_single_image image=&#8221;2029&#8243; img_size=&#8221;500&#215;300&#8243; alignment=&#8221;center&#8221; onclick=&#8221;custom_link&#8221; img_link_target=&#8221;_blank&#8221; image_hovers=&#8221;false&#8221; lazy_loading=&#8221;true&#8221; link=&#8221;https:\/\/shop.adaciformanagement.it\/&#8221;][vc_single_image image=&#8221;2030&#8243; img_size=&#8221;500&#215;300&#8243; alignment=&#8221;center&#8221; onclick=&#8221;custom_link&#8221; img_link_target=&#8221;_blank&#8221; image_hovers=&#8221;false&#8221; lazy_loading=&#8221;true&#8221; link=&#8221;https:\/\/avanet.it\/&#8221;][vc_single_image image=&#8221;2031&#8243; img_size=&#8221;500&#215;300&#8243; alignment=&#8221;center&#8221; onclick=&#8221;custom_link&#8221; img_link_target=&#8221;_blank&#8221; image_hovers=&#8221;false&#8221; lazy_loading=&#8221;true&#8221; link=&#8221;https:\/\/contabilitafiscale.it\/&#8221;]<\/div>[\/vc_column][\/vc_row]<\/p>\n","protected":false},"excerpt":{"rendered":"<p>[vc_row full_width=&#8221;stretch_row&#8221; equal_height=&#8221;yes&#8221; content_placement=&#8221;middle&#8221; bg_type=&#8221;bg_color&#8221; type=&#8221;vc_default&#8221; css=&#8221;.vc_custom_1498804043002{padding-top: 70px !important;padding-bottom: 20px !important;}&#8221; bg_color_value=&#8221;#f5f5f5&#8243;][vc_column css=&#8221;.vc_custom_1498755622313{padding-bottom: 50px !important;}&#8221; offset=&#8221;vc_col-lg-8 vc_col-md-7&#8243;][\/vc_column][vc_column width=&#8221;1\/2&#8243; offset=&#8221;vc_col-lg-offset-0 vc_col-lg-4 vc_col-md-offset-0 vc_col-md-5 vc_col-sm-offset-3 vc_col-xs-offset-2 vc_col-xs-8&#8243; css=&#8221;.vc_custom_1498755704655{padding-bottom: 50px !important;}&#8221;][\/vc_column][\/vc_row][vc_row type=&#8221;vc_default&#8221; css=&#8221;.vc_custom_1476012908960{padding-top: 70px !important;padding-bottom: 25px !important;}&#8221;][vc_column offset=&#8221;vc_col-lg-6 vc_col-md-6 vc_col-xs-12&#8243; css=&#8221;.vc_custom_1476013037503{padding-bottom: 25px !important;}&#8221;][\/vc_column][vc_column offset=&#8221;vc_col-lg-6 vc_col-md-6 vc_col-xs-12&#8243; css=&#8221;.vc_custom_1476012903703{padding-bottom: 50px !important;}&#8221;][vc_column_text] Schema tratto, adattato e rielaborato da: Costantino F., Di&hellip;<\/p>\n","protected":false},"author":1,"featured_media":0,"parent":0,"menu_order":100,"comment_status":"closed","ping_status":"closed","template":"","meta":[],"aioseo_notices":[],"_links":{"self":[{"href":"https:\/\/umesi.it\/index.php\/wp-json\/wp\/v2\/pages\/1594"}],"collection":[{"href":"https:\/\/umesi.it\/index.php\/wp-json\/wp\/v2\/pages"}],"about":[{"href":"https:\/\/umesi.it\/index.php\/wp-json\/wp\/v2\/types\/page"}],"author":[{"embeddable":true,"href":"https:\/\/umesi.it\/index.php\/wp-json\/wp\/v2\/users\/1"}],"replies":[{"embeddable":true,"href":"https:\/\/umesi.it\/index.php\/wp-json\/wp\/v2\/comments?post=1594"}],"version-history":[{"count":10,"href":"https:\/\/umesi.it\/index.php\/wp-json\/wp\/v2\/pages\/1594\/revisions"}],"predecessor-version":[{"id":2086,"href":"https:\/\/umesi.it\/index.php\/wp-json\/wp\/v2\/pages\/1594\/revisions\/2086"}],"wp:attachment":[{"href":"https:\/\/umesi.it\/index.php\/wp-json\/wp\/v2\/media?parent=1594"}],"curies":[{"name":"wp","href":"https:\/\/api.w.org\/{rel}","templated":true}]}}